{"id":264,"date":"2017-01-25T00:30:26","date_gmt":"2017-01-24T22:30:26","guid":{"rendered":"http:\/\/universalyaldiz.com\/?page_id=264"},"modified":"2021-12-07T15:46:14","modified_gmt":"2021-12-07T12:46:14","slug":"silikon-klise","status":"publish","type":"page","link":"http:\/\/universalyaldiz.com\/index.php\/silikon-klise\/","title":{"rendered":"Silikon Kli\u015fe"},"content":{"rendered":"<p>Silikon kli\u015feler\u00a0genellikle d\u00fcz konturlu veya silindirik \u015fekilli \u00fcr\u00fcnlerin \u00fczerine s\u0131cak bask\u0131 (hot stampin foil) folyo ile\u00a0\u0131s\u0131 transferi uygularamalar\u0131\u00a0i\u00e7in kullan\u0131lmaktad\u0131r. 300 Dp\u0131 \u00e7izimlerinizi taraf\u0131m\u0131za iletmeniz durumunda \u00e7al\u0131\u015fmalar\u0131n\u0131z i\u00e7in resmi fiyat teklifi iletebiliriz..<\/p>\n<p><img decoding=\"async\" loading=\"lazy\" class=\"alignnone wp-image-265 mobilresim\" src=\"http:\/\/universalyaldiz.com\/wp-content\/uploads\/2017\/01\/19-300x246.png\" alt=\"\" width=\"485\" height=\"398\" srcset=\"http:\/\/universalyaldiz.com\/wp-content\/uploads\/2017\/01\/19-300x246.png 300w, http:\/\/universalyaldiz.com\/wp-content\/uploads\/2017\/01\/19-768x629.png 768w, http:\/\/universalyaldiz.com\/wp-content\/uploads\/2017\/01\/19-549x450.png 549w, http:\/\/universalyaldiz.com\/wp-content\/uploads\/2017\/01\/19-265x217.png 265w, http:\/\/universalyaldiz.com\/wp-content\/uploads\/2017\/01\/19-295x242.png 295w, http:\/\/universalyaldiz.com\/wp-content\/uploads\/2017\/01\/19.png 980w\" sizes=\"(max-width: 485px) 100vw, 485px\" \/><\/p>\n","protected":false},"excerpt":{"rendered":"Silikon kli\u015feler\u00a0genellikle d\u00fcz konturlu veya silindirik \u015fekilli \u00fcr\u00fcnlerin \u00fczerine s\u0131cak bask\u0131 (hot stampin foil) folyo ile\u00a0\u0131s\u0131 transferi uygularamalar\u0131\u00a0i\u00e7in kullan\u0131lmaktad\u0131r. 300 Dp\u0131 \u00e7izimlerinizi taraf\u0131m\u0131za iletmeniz durumunda \u00e7al\u0131\u015fmalar\u0131n\u0131z i\u00e7in resmi fiyat teklifi iletebiliriz..","protected":false},"author":1,"featured_media":0,"parent":0,"menu_order":0,"comment_status":"closed","ping_status":"closed","template":"page2.php","meta":[],"_links":{"self":[{"href":"http:\/\/universalyaldiz.com\/index.php\/wp-json\/wp\/v2\/pages\/264"}],"collection":[{"href":"http:\/\/universalyaldiz.com\/index.php\/wp-json\/wp\/v2\/pages"}],"about":[{"href":"http:\/\/universalyaldiz.com\/index.php\/wp-json\/wp\/v2\/types\/page"}],"author":[{"embeddable":true,"href":"http:\/\/universalyaldiz.com\/index.php\/wp-json\/wp\/v2\/users\/1"}],"replies":[{"embeddable":true,"href":"http:\/\/universalyaldiz.com\/index.php\/wp-json\/wp\/v2\/comments?post=264"}],"version-history":[{"count":5,"href":"http:\/\/universalyaldiz.com\/index.php\/wp-json\/wp\/v2\/pages\/264\/revisions"}],"predecessor-version":[{"id":377,"href":"http:\/\/universalyaldiz.com\/index.php\/wp-json\/wp\/v2\/pages\/264\/revisions\/377"}],"wp:attachment":[{"href":"http:\/\/universalyaldiz.com\/index.php\/wp-json\/wp\/v2\/media?parent=264"}],"curies":[{"name":"wp","href":"https:\/\/api.w.org\/{rel}","templated":true}]}}