{"id":260,"date":"2017-01-25T00:29:18","date_gmt":"2017-01-24T22:29:18","guid":{"rendered":"http:\/\/universalyaldiz.com\/?page_id=260"},"modified":"2017-11-08T14:00:51","modified_gmt":"2017-11-08T12:00:51","slug":"silikon-merdane","status":"publish","type":"page","link":"http:\/\/universalyaldiz.com\/index.php\/silikon-merdane\/","title":{"rendered":"Silikon Merdane"},"content":{"rendered":"<p><strong><span style=\"color: #333333;\">Silikon Merdane;<\/span><\/strong><\/p>\n<p style=\"font-variant-ligatures: normal; font-variant-caps: normal; orphans: 2; text-align: start; widows: 2; -webkit-text-stroke-width: 0px; word-spacing: 0px;\"><span style=\"color: #333333;\">Silikon merdaneler\u00a0ugulamaya ba\u011fl\u0131 olarak 70,80 ve 90\u00a0Shore \u00fcretilir. Talep edilmesi durumunda uygulanacak alana g\u00f6re \u00f6zel \u00fcretilebilmektedir.<\/span><\/p>\n<p style=\"font-variant-ligatures: normal; font-variant-caps: normal; orphans: 2; text-align: start; widows: 2; -webkit-text-stroke-width: 0px; word-spacing: 0px;\"><strong><span style=\"color: #333333;\">Stoklar\u0131m\u0131z;<\/span><\/strong><\/p>\n<p style=\"font-variant-ligatures: normal; font-variant-caps: normal; orphans: 2; text-align: start; widows: 2; -webkit-text-stroke-width: 0px; word-spacing: 0px;\"><span style=\"color: #333333;\">10mm, 28mm, 40mm ve 125mm&#8217; dir. Talebe g\u00f6re \u00f6zel \u00f6l\u00e7\u00fc yap\u0131lmaktad\u0131r.<\/span><\/p>\n<p>&nbsp;<\/p>\n<p>&nbsp;<\/p>\n<p><img decoding=\"async\" loading=\"lazy\" class=\"alignnone wp-image-261 mobilresim\" src=\"http:\/\/universalyaldiz.com\/wp-content\/uploads\/2017\/01\/18-300x246.png\" alt=\"\" width=\"490\" height=\"402\" srcset=\"http:\/\/universalyaldiz.com\/wp-content\/uploads\/2017\/01\/18-300x246.png 300w, http:\/\/universalyaldiz.com\/wp-content\/uploads\/2017\/01\/18-768x629.png 768w, http:\/\/universalyaldiz.com\/wp-content\/uploads\/2017\/01\/18-549x450.png 549w, http:\/\/universalyaldiz.com\/wp-content\/uploads\/2017\/01\/18-265x217.png 265w, http:\/\/universalyaldiz.com\/wp-content\/uploads\/2017\/01\/18-295x242.png 295w, http:\/\/universalyaldiz.com\/wp-content\/uploads\/2017\/01\/18.png 980w\" sizes=\"(max-width: 490px) 100vw, 490px\" \/><strong>\u00a0<img decoding=\"async\" loading=\"lazy\" class=\" wp-image-353 mobilresim\" src=\"http:\/\/universalyaldiz.com\/wp-content\/uploads\/2017\/01\/12-6--1024x724.png\" alt=\"\" width=\"491\" height=\"347\" srcset=\"http:\/\/universalyaldiz.com\/wp-content\/uploads\/2017\/01\/12-6--1024x724.png 1024w, http:\/\/universalyaldiz.com\/wp-content\/uploads\/2017\/01\/12-6--300x212.png 300w, http:\/\/universalyaldiz.com\/wp-content\/uploads\/2017\/01\/12-6--768x543.png 768w, http:\/\/universalyaldiz.com\/wp-content\/uploads\/2017\/01\/12-6--100x70.png 100w, http:\/\/universalyaldiz.com\/wp-content\/uploads\/2017\/01\/12-6--575x407.png 575w, http:\/\/universalyaldiz.com\/wp-content\/uploads\/2017\/01\/12-6--265x187.png 265w, http:\/\/universalyaldiz.com\/wp-content\/uploads\/2017\/01\/12-6--295x209.png 295w, http:\/\/universalyaldiz.com\/wp-content\/uploads\/2017\/01\/12-6-.png 1169w\" sizes=\"(max-width: 491px) 100vw, 491px\" \/><\/strong><\/p>\n","protected":false},"excerpt":{"rendered":"Silikon Merdane; Silikon merdaneler\u00a0ugulamaya ba\u011fl\u0131 olarak 70,80 ve 90\u00a0Shore \u00fcretilir. Talep edilmesi durumunda uygulanacak alana g\u00f6re \u00f6zel \u00fcretilebilmektedir. Stoklar\u0131m\u0131z; 10mm, 28mm, 40mm ve 125mm&#8217; dir. Talebe g\u00f6re \u00f6zel \u00f6l\u00e7\u00fc yap\u0131lmaktad\u0131r. &nbsp; &nbsp; \u00a0","protected":false},"author":1,"featured_media":0,"parent":0,"menu_order":0,"comment_status":"closed","ping_status":"closed","template":"page2.php","meta":[],"_links":{"self":[{"href":"http:\/\/universalyaldiz.com\/index.php\/wp-json\/wp\/v2\/pages\/260"}],"collection":[{"href":"http:\/\/universalyaldiz.com\/index.php\/wp-json\/wp\/v2\/pages"}],"about":[{"href":"http:\/\/universalyaldiz.com\/index.php\/wp-json\/wp\/v2\/types\/page"}],"author":[{"embeddable":true,"href":"http:\/\/universalyaldiz.com\/index.php\/wp-json\/wp\/v2\/users\/1"}],"replies":[{"embeddable":true,"href":"http:\/\/universalyaldiz.com\/index.php\/wp-json\/wp\/v2\/comments?post=260"}],"version-history":[{"count":9,"href":"http:\/\/universalyaldiz.com\/index.php\/wp-json\/wp\/v2\/pages\/260\/revisions"}],"predecessor-version":[{"id":363,"href":"http:\/\/universalyaldiz.com\/index.php\/wp-json\/wp\/v2\/pages\/260\/revisions\/363"}],"wp:attachment":[{"href":"http:\/\/universalyaldiz.com\/index.php\/wp-json\/wp\/v2\/media?parent=260"}],"curies":[{"name":"wp","href":"https:\/\/api.w.org\/{rel}","templated":true}]}}