{"id":176,"date":"2017-01-24T16:24:05","date_gmt":"2017-01-24T14:24:05","guid":{"rendered":"http:\/\/universalyaldiz.com\/?page_id=176"},"modified":"2017-01-24T21:10:39","modified_gmt":"2017-01-24T19:10:39","slug":"hakimizda","status":"publish","type":"page","link":"http:\/\/universalyaldiz.com\/index.php\/hakimizda\/","title":{"rendered":"HAKIMIZDA"},"content":{"rendered":"<p>2016 y\u0131l\u0131nda ticari hayat\u0131na ba\u015flayan <strong>UN\u0130VERSAL YALDIZ<\/strong> kurulu\u015f hedefi olarak, m\u00fc\u015fteri memnuniyeti, \u00e7al\u0131\u015ft\u0131\u011f\u0131 firmalara rakip olmadan ve prensiplerinden taviz vermeden, birden fazla sekt\u00f6re SICAK BASKI VE SO\u011eUK BASKI \u00a0hizmet vermektedir.<\/p>\n<p>&#8221; <strong>UN\u0130VERSAL YALDIZ<\/strong> olarak \u00fcr\u00fcnlerimizi Avrupa ve Uzakdo\u011fu \u00fclkelerinden sa\u011flamakta olup bunu profesyonel pazarlama ekibimiz ile devam ettirmekteyiz. Sekt\u00f6rlere ve kullan\u0131m amac\u0131na g\u00f6re istenilen \u00f6l\u00e7\u00fcde kesim \/sar\u0131m yapmaktay\u0131z. &#8220;<\/p>\n","protected":false},"excerpt":{"rendered":"2016 y\u0131l\u0131nda ticari hayat\u0131na ba\u015flayan UN\u0130VERSAL YALDIZ kurulu\u015f hedefi olarak, m\u00fc\u015fteri memnuniyeti, \u00e7al\u0131\u015ft\u0131\u011f\u0131 firmalara rakip olmadan ve prensiplerinden taviz vermeden, birden fazla sekt\u00f6re SICAK BASKI VE SO\u011eUK BASKI \u00a0hizmet vermektedir. &#8221; UN\u0130VERSAL YALDIZ olarak \u00fcr\u00fcnlerimizi Avrupa ve Uzakdo\u011fu \u00fclkelerinden sa\u011flamakta olup bunu profesyonel pazarlama ekibimiz ile devam ettirmekteyiz. Sekt\u00f6rlere ve kullan\u0131m amac\u0131na g\u00f6re istenilen \u00f6l\u00e7\u00fcde&#8230;","protected":false},"author":1,"featured_media":0,"parent":0,"menu_order":0,"comment_status":"closed","ping_status":"closed","template":"anasayfa.php","meta":[],"_links":{"self":[{"href":"http:\/\/universalyaldiz.com\/index.php\/wp-json\/wp\/v2\/pages\/176"}],"collection":[{"href":"http:\/\/universalyaldiz.com\/index.php\/wp-json\/wp\/v2\/pages"}],"about":[{"href":"http:\/\/universalyaldiz.com\/index.php\/wp-json\/wp\/v2\/types\/page"}],"author":[{"embeddable":true,"href":"http:\/\/universalyaldiz.com\/index.php\/wp-json\/wp\/v2\/users\/1"}],"replies":[{"embeddable":true,"href":"http:\/\/universalyaldiz.com\/index.php\/wp-json\/wp\/v2\/comments?post=176"}],"version-history":[{"count":4,"href":"http:\/\/universalyaldiz.com\/index.php\/wp-json\/wp\/v2\/pages\/176\/revisions"}],"predecessor-version":[{"id":184,"href":"http:\/\/universalyaldiz.com\/index.php\/wp-json\/wp\/v2\/pages\/176\/revisions\/184"}],"wp:attachment":[{"href":"http:\/\/universalyaldiz.com\/index.php\/wp-json\/wp\/v2\/media?parent=176"}],"curies":[{"name":"wp","href":"https:\/\/api.w.org\/{rel}","templated":true}]}}