{"id":164,"date":"2017-01-24T16:10:37","date_gmt":"2017-01-24T14:10:37","guid":{"rendered":"http:\/\/universalyaldiz.com\/?page_id=164"},"modified":"2017-01-27T10:10:49","modified_gmt":"2017-01-27T08:10:49","slug":"etiket","status":"publish","type":"page","link":"http:\/\/universalyaldiz.com\/index.php\/etiket\/","title":{"rendered":"Etiket"},"content":{"rendered":"<p>Universal Yald\u0131z olarak Matbaac\u0131l\u0131k sekt\u00f6r\u00fcnde standart ve \u00f6zel uygulamalar i\u00e7in gerekli \u00e7e\u015fitlili\u011fe sahiptir.<\/p>\n<p>&nbsp;<\/p>\n<p>&nbsp;<\/p>\n<table style=\"height: 606px;\" width=\"672\">\n<tbody>\n<tr>\n<td><strong><u>Ba\u015fl\u0131ca \u00f6zellikleri;<\/u><\/strong><\/p>\n<p>\u2022\u00a0D\u00fc\u015f\u00fck s\u0131cakl\u0131ktaki bask\u0131larda uygulanabilir<\/p>\n<p>\u2022\u00a0Standart \u00fcr\u00fcnlerde \u00e7e\u015fitlilik<\/p>\n<p>\u2022 \u0130yi y\u00fczey \u00f6rt\u00fcc\u00fc<\/p>\n<p>\u2022\u00a0\u00c7ok y\u00fcksek parlakl\u0131k<\/p>\n<p>\u2022\u00a0Y\u00fcksek proses h\u0131z\u0131<\/p>\n<p>\u2022\u00a0A\u015f\u0131nmaya kar\u015f\u0131 y\u00fcksek diren\u00e7li<\/p>\n<p>\u2022\u00a0Standart boya ve lakl\u0131 y\u00fczeyler \u00fczerine iyi tutunur ve yap\u0131\u015f\u0131r<\/p>\n<p>\u2022\u00a0Yayg\u0131n olarak kullan\u0131lan t\u00fcm bask\u0131 makinelerine uyumludur<\/p>\n<p><strong><u>Uygulama alanlar\u0131;\u00a0<\/u><\/strong><\/p>\n<p>\u2022\u00a0Kutu ve ambalajlarda<\/p>\n<p>\u2022\u00a0Etiketlerde<\/p>\n<p>\u2022\u00a0Her t\u00fcr kendinden yap\u0131\u015fkanl\u0131 etiket ve \u00e7\u0131kartmalarda<\/p>\n<p>\u2022\u00a0Defter ve kitaplarda<\/p>\n<p>\u2022\u00a0Promosyon ve reklamc\u0131l\u0131k \u00fcr\u00fcnlerinde<\/p>\n<p>&nbsp;<\/p>\n<p><img decoding=\"async\" loading=\"lazy\" class=\"alignnone wp-image-78 mobilresim\" src=\"http:\/\/universalyaldiz.com\/wp-content\/uploads\/2016\/12\/Untitled-2-300x130.jpg\" alt=\"\" width=\"455\" height=\"197\" srcset=\"http:\/\/universalyaldiz.com\/wp-content\/uploads\/2016\/12\/Untitled-2-300x130.jpg 300w, http:\/\/universalyaldiz.com\/wp-content\/uploads\/2016\/12\/Untitled-2-768x332.jpg 768w, http:\/\/universalyaldiz.com\/wp-content\/uploads\/2016\/12\/Untitled-2-1024x443.jpg 1024w, http:\/\/universalyaldiz.com\/wp-content\/uploads\/2016\/12\/Untitled-2-575x249.jpg 575w, http:\/\/universalyaldiz.com\/wp-content\/uploads\/2016\/12\/Untitled-2-265x115.jpg 265w, http:\/\/universalyaldiz.com\/wp-content\/uploads\/2016\/12\/Untitled-2-295x128.jpg 295w\" sizes=\"(max-width: 455px) 100vw, 455px\" \/><\/td>\n<\/tr>\n<\/tbody>\n<\/table>\n","protected":false},"excerpt":{"rendered":"Universal Yald\u0131z olarak Matbaac\u0131l\u0131k sekt\u00f6r\u00fcnde standart ve \u00f6zel uygulamalar i\u00e7in gerekli \u00e7e\u015fitlili\u011fe sahiptir. &nbsp; &nbsp; Ba\u015fl\u0131ca \u00f6zellikleri; \u2022\u00a0D\u00fc\u015f\u00fck s\u0131cakl\u0131ktaki bask\u0131larda uygulanabilir \u2022\u00a0Standart \u00fcr\u00fcnlerde \u00e7e\u015fitlilik \u2022 \u0130yi y\u00fczey \u00f6rt\u00fcc\u00fc \u2022\u00a0\u00c7ok y\u00fcksek parlakl\u0131k \u2022\u00a0Y\u00fcksek proses h\u0131z\u0131 \u2022\u00a0A\u015f\u0131nmaya kar\u015f\u0131 y\u00fcksek diren\u00e7li \u2022\u00a0Standart boya ve lakl\u0131 y\u00fczeyler \u00fczerine iyi tutunur ve yap\u0131\u015f\u0131r \u2022\u00a0Yayg\u0131n olarak kullan\u0131lan t\u00fcm bask\u0131 makinelerine uyumludur&#8230;","protected":false},"author":1,"featured_media":0,"parent":0,"menu_order":0,"comment_status":"closed","ping_status":"closed","template":"page2.php","meta":[],"_links":{"self":[{"href":"http:\/\/universalyaldiz.com\/index.php\/wp-json\/wp\/v2\/pages\/164"}],"collection":[{"href":"http:\/\/universalyaldiz.com\/index.php\/wp-json\/wp\/v2\/pages"}],"about":[{"href":"http:\/\/universalyaldiz.com\/index.php\/wp-json\/wp\/v2\/types\/page"}],"author":[{"embeddable":true,"href":"http:\/\/universalyaldiz.com\/index.php\/wp-json\/wp\/v2\/users\/1"}],"replies":[{"embeddable":true,"href":"http:\/\/universalyaldiz.com\/index.php\/wp-json\/wp\/v2\/comments?post=164"}],"version-history":[{"count":5,"href":"http:\/\/universalyaldiz.com\/index.php\/wp-json\/wp\/v2\/pages\/164\/revisions"}],"predecessor-version":[{"id":293,"href":"http:\/\/universalyaldiz.com\/index.php\/wp-json\/wp\/v2\/pages\/164\/revisions\/293"}],"wp:attachment":[{"href":"http:\/\/universalyaldiz.com\/index.php\/wp-json\/wp\/v2\/media?parent=164"}],"curies":[{"name":"wp","href":"https:\/\/api.w.org\/{rel}","templated":true}]}}