{"id":162,"date":"2017-01-24T16:10:20","date_gmt":"2017-01-24T14:10:20","guid":{"rendered":"http:\/\/universalyaldiz.com\/?page_id=162"},"modified":"2017-01-24T23:00:32","modified_gmt":"2017-01-24T21:00:32","slug":"otomotiv","status":"publish","type":"page","link":"http:\/\/universalyaldiz.com\/index.php\/otomotiv\/","title":{"rendered":"Otomotiv"},"content":{"rendered":"<p>Up-down ve Rollon makine yard\u0131m\u0131 ile enjeksiyon \u00a0makinelerinden \u00e7\u0131kan plastik \u00e7e\u015fitleri i\u00e7in \u00e7izilme direnci y\u00fcksek kaliteli folyolard\u0131r.<\/p>\n<p><strong><u>Ba\u015fl\u0131ca \u00f6zellikleri;<\/u><\/strong><\/p>\n<ul>\n<li>Y\u00fcksek fiziksel ve kimyasal diren\u00e7<\/li>\n<li>Iyi \u0131s\u0131 dayan\u0131kl\u0131l\u0131\u011f\u0131<\/li>\n<\/ul>\n<p><strong><u>Uygulama Alanlar\u0131;<\/u><\/strong><\/p>\n<ul>\n<li>Hoparl\u00f6r halkalar\u0131 ve \u0131zgaralar,<\/li>\n<li>Amblemler,<\/li>\n<li>Plaka altl\u0131klar\u0131,<\/li>\n<li>Uygun Plastik PS, ABS, SAN, PVC<\/li>\n<\/ul>\n<p><strong><u>Damgalama S\u0131cakl\u0131\u011f\u0131;<\/u><\/strong><\/p>\n<ul>\n<li>160 &#8211; 180 \u00b0 C (320 &#8211; 356 \u00b0 F) rulo h\u0131z\u0131na ba\u011fl\u0131<\/li>\n<\/ul>\n<p><img decoding=\"async\" loading=\"lazy\" class=\"alignnone wp-image-73 mobilresim\" src=\"http:\/\/universalyaldiz.com\/wp-content\/uploads\/2016\/12\/otomotiv1-300x199.jpg\" alt=\"\" width=\"357\" height=\"237\" srcset=\"http:\/\/universalyaldiz.com\/wp-content\/uploads\/2016\/12\/otomotiv1-300x199.jpg 300w, http:\/\/universalyaldiz.com\/wp-content\/uploads\/2016\/12\/otomotiv1-768x509.jpg 768w, http:\/\/universalyaldiz.com\/wp-content\/uploads\/2016\/12\/otomotiv1-575x381.jpg 575w, http:\/\/universalyaldiz.com\/wp-content\/uploads\/2016\/12\/otomotiv1-265x175.jpg 265w, http:\/\/universalyaldiz.com\/wp-content\/uploads\/2016\/12\/otomotiv1-295x195.jpg 295w, http:\/\/universalyaldiz.com\/wp-content\/uploads\/2016\/12\/otomotiv1.jpg 900w\" sizes=\"(max-width: 357px) 100vw, 357px\" \/><\/p>\n<p><img decoding=\"async\" loading=\"lazy\" class=\"alignnone wp-image-221 mobilresim\" src=\"http:\/\/universalyaldiz.com\/wp-content\/uploads\/2017\/01\/otomotiv-300x85.png\" alt=\"\" width=\"695\" height=\"197\" srcset=\"http:\/\/universalyaldiz.com\/wp-content\/uploads\/2017\/01\/otomotiv-300x85.png 300w, http:\/\/universalyaldiz.com\/wp-content\/uploads\/2017\/01\/otomotiv-768x218.png 768w, http:\/\/universalyaldiz.com\/wp-content\/uploads\/2017\/01\/otomotiv-1024x290.png 1024w, http:\/\/universalyaldiz.com\/wp-content\/uploads\/2017\/01\/otomotiv-575x163.png 575w, http:\/\/universalyaldiz.com\/wp-content\/uploads\/2017\/01\/otomotiv-265x75.png 265w, http:\/\/universalyaldiz.com\/wp-content\/uploads\/2017\/01\/otomotiv-295x84.png 295w\" sizes=\"(max-width: 695px) 100vw, 695px\" \/><\/p>\n","protected":false},"excerpt":{"rendered":"Up-down ve Rollon makine yard\u0131m\u0131 ile enjeksiyon \u00a0makinelerinden \u00e7\u0131kan plastik \u00e7e\u015fitleri i\u00e7in \u00e7izilme direnci y\u00fcksek kaliteli folyolard\u0131r. Ba\u015fl\u0131ca \u00f6zellikleri; Y\u00fcksek fiziksel ve kimyasal diren\u00e7 Iyi \u0131s\u0131 dayan\u0131kl\u0131l\u0131\u011f\u0131 Uygulama Alanlar\u0131; Hoparl\u00f6r halkalar\u0131 ve \u0131zgaralar, Amblemler, Plaka altl\u0131klar\u0131, Uygun Plastik PS, ABS, SAN, PVC Damgalama S\u0131cakl\u0131\u011f\u0131; 160 &#8211; 180 \u00b0 C (320 &#8211; 356 \u00b0 F) rulo&#8230;","protected":false},"author":1,"featured_media":0,"parent":0,"menu_order":0,"comment_status":"closed","ping_status":"closed","template":"page2.php","meta":[],"_links":{"self":[{"href":"http:\/\/universalyaldiz.com\/index.php\/wp-json\/wp\/v2\/pages\/162"}],"collection":[{"href":"http:\/\/universalyaldiz.com\/index.php\/wp-json\/wp\/v2\/pages"}],"about":[{"href":"http:\/\/universalyaldiz.com\/index.php\/wp-json\/wp\/v2\/types\/page"}],"author":[{"embeddable":true,"href":"http:\/\/universalyaldiz.com\/index.php\/wp-json\/wp\/v2\/users\/1"}],"replies":[{"embeddable":true,"href":"http:\/\/universalyaldiz.com\/index.php\/wp-json\/wp\/v2\/comments?post=162"}],"version-history":[{"count":3,"href":"http:\/\/universalyaldiz.com\/index.php\/wp-json\/wp\/v2\/pages\/162\/revisions"}],"predecessor-version":[{"id":222,"href":"http:\/\/universalyaldiz.com\/index.php\/wp-json\/wp\/v2\/pages\/162\/revisions\/222"}],"wp:attachment":[{"href":"http:\/\/universalyaldiz.com\/index.php\/wp-json\/wp\/v2\/media?parent=162"}],"curies":[{"name":"wp","href":"https:\/\/api.w.org\/{rel}","templated":true}]}}