{"id":160,"date":"2017-01-24T16:09:54","date_gmt":"2017-01-24T14:09:54","guid":{"rendered":"http:\/\/universalyaldiz.com\/?page_id=160"},"modified":"2017-11-08T13:58:36","modified_gmt":"2017-11-08T11:58:36","slug":"cerceve","status":"publish","type":"page","link":"http:\/\/universalyaldiz.com\/index.php\/cerceve\/","title":{"rendered":"\u00c7er\u00e7eve"},"content":{"rendered":"<p>Rollon makine yard\u0131m\u0131 ile enjeksiyon ve ekstr\u00fczyon makinelerinden \u00e7\u0131kan plastik \u00e7e\u015fitleri i\u00e7in \u00e7izilme direnci y\u00fcksek kaliteli folyolard\u0131r.<\/p>\n<p><strong><u>Ba\u015fl\u0131ca \u00f6zellikleri;<\/u><\/strong><\/p>\n<ul>\n<li>Y\u00fcksek fiziksel ve kimyasal diren\u00e7<\/li>\n<li>Iyi \u0131s\u0131 dayan\u0131kl\u0131l\u0131\u011f\u0131<\/li>\n<\/ul>\n<p><strong><u>Uygulama Alanlar\u0131;<\/u><\/strong><\/p>\n<ul>\n<li>Resim \u00e7er\u00e7eve profilleri<\/li>\n<li>\u0130\u00e7 dekorasyon profilleri<\/li>\n<li>Dekoratif mobilya aplikasyon profilleri<\/li>\n<li>Uygun Plastik PS<\/li>\n<\/ul>\n<p><strong><u>Damgalama S\u0131cakl\u0131\u011f\u0131;<\/u><\/strong><\/p>\n<ul>\n<li>160 &#8211; 180 \u00b0 C (320 &#8211; 356 \u00b0 F) rulo h\u0131z\u0131na ba\u011fl\u0131<\/li>\n<\/ul>\n<p><img decoding=\"async\" loading=\"lazy\" class=\"alignnone wp-image-223 mobilresim\" src=\"http:\/\/universalyaldiz.com\/wp-content\/uploads\/2017\/01\/05.png\" alt=\"\" width=\"157\" height=\"157\" srcset=\"http:\/\/universalyaldiz.com\/wp-content\/uploads\/2017\/01\/05.png 295w, http:\/\/universalyaldiz.com\/wp-content\/uploads\/2017\/01\/05-150x150.png 150w, http:\/\/universalyaldiz.com\/wp-content\/uploads\/2017\/01\/05-255x255.png 255w\" sizes=\"(max-width: 157px) 100vw, 157px\" \/> <img decoding=\"async\" loading=\"lazy\" class=\"alignnone wp-image-224 mobilresim\" src=\"http:\/\/universalyaldiz.com\/wp-content\/uploads\/2017\/01\/06.png\" alt=\"\" width=\"163\" height=\"163\" srcset=\"http:\/\/universalyaldiz.com\/wp-content\/uploads\/2017\/01\/06.png 295w, http:\/\/universalyaldiz.com\/wp-content\/uploads\/2017\/01\/06-150x150.png 150w, http:\/\/universalyaldiz.com\/wp-content\/uploads\/2017\/01\/06-255x255.png 255w\" sizes=\"(max-width: 163px) 100vw, 163px\" \/> <img decoding=\"async\" loading=\"lazy\" class=\"alignnone wp-image-225 mobilresim\" src=\"http:\/\/universalyaldiz.com\/wp-content\/uploads\/2017\/01\/07.png\" alt=\"\" width=\"159\" height=\"159\" srcset=\"http:\/\/universalyaldiz.com\/wp-content\/uploads\/2017\/01\/07.png 295w, http:\/\/universalyaldiz.com\/wp-content\/uploads\/2017\/01\/07-150x150.png 150w, http:\/\/universalyaldiz.com\/wp-content\/uploads\/2017\/01\/07-255x255.png 255w\" sizes=\"(max-width: 159px) 100vw, 159px\" \/><\/p>\n<p><img decoding=\"async\" loading=\"lazy\" class=\" wp-image-344 mobilresim\" src=\"http:\/\/universalyaldiz.com\/wp-content\/uploads\/2017\/01\/12-3.jpg\" alt=\"\" width=\"487\" height=\"344\" srcset=\"http:\/\/universalyaldiz.com\/wp-content\/uploads\/2017\/01\/12-3.jpg 842w, http:\/\/universalyaldiz.com\/wp-content\/uploads\/2017\/01\/12-3-300x212.jpg 300w, http:\/\/universalyaldiz.com\/wp-content\/uploads\/2017\/01\/12-3-768x543.jpg 768w, http:\/\/universalyaldiz.com\/wp-content\/uploads\/2017\/01\/12-3-100x70.jpg 100w, http:\/\/universalyaldiz.com\/wp-content\/uploads\/2017\/01\/12-3-575x406.jpg 575w, http:\/\/universalyaldiz.com\/wp-content\/uploads\/2017\/01\/12-3-265x187.jpg 265w, http:\/\/universalyaldiz.com\/wp-content\/uploads\/2017\/01\/12-3-295x208.jpg 295w\" sizes=\"(max-width: 487px) 100vw, 487px\" \/><\/p>\n<p><img decoding=\"async\" loading=\"lazy\" class=\"alignnone wp-image-214 mobilresim\" src=\"http:\/\/universalyaldiz.com\/wp-content\/uploads\/2017\/01\/01-300x195.jpg\" alt=\"\" width=\"469\" height=\"305\" srcset=\"http:\/\/universalyaldiz.com\/wp-content\/uploads\/2017\/01\/01-300x195.jpg 300w, http:\/\/universalyaldiz.com\/wp-content\/uploads\/2017\/01\/01-285x185.jpg 285w, http:\/\/universalyaldiz.com\/wp-content\/uploads\/2017\/01\/01-575x373.jpg 575w, http:\/\/universalyaldiz.com\/wp-content\/uploads\/2017\/01\/01-265x172.jpg 265w, http:\/\/universalyaldiz.com\/wp-content\/uploads\/2017\/01\/01-295x191.jpg 295w, http:\/\/universalyaldiz.com\/wp-content\/uploads\/2017\/01\/01.jpg 607w\" sizes=\"(max-width: 469px) 100vw, 469px\" \/><\/p>\n","protected":false},"excerpt":{"rendered":"Rollon makine yard\u0131m\u0131 ile enjeksiyon ve ekstr\u00fczyon makinelerinden \u00e7\u0131kan plastik \u00e7e\u015fitleri i\u00e7in \u00e7izilme direnci y\u00fcksek kaliteli folyolard\u0131r. Ba\u015fl\u0131ca \u00f6zellikleri; Y\u00fcksek fiziksel ve kimyasal diren\u00e7 Iyi \u0131s\u0131 dayan\u0131kl\u0131l\u0131\u011f\u0131 Uygulama Alanlar\u0131; Resim \u00e7er\u00e7eve profilleri \u0130\u00e7 dekorasyon profilleri Dekoratif mobilya aplikasyon profilleri Uygun Plastik PS Damgalama S\u0131cakl\u0131\u011f\u0131; 160 &#8211; 180 \u00b0 C (320 &#8211; 356 \u00b0 F) rulo&#8230;","protected":false},"author":1,"featured_media":0,"parent":0,"menu_order":0,"comment_status":"closed","ping_status":"closed","template":"page2.php","meta":[],"_links":{"self":[{"href":"http:\/\/universalyaldiz.com\/index.php\/wp-json\/wp\/v2\/pages\/160"}],"collection":[{"href":"http:\/\/universalyaldiz.com\/index.php\/wp-json\/wp\/v2\/pages"}],"about":[{"href":"http:\/\/universalyaldiz.com\/index.php\/wp-json\/wp\/v2\/types\/page"}],"author":[{"embeddable":true,"href":"http:\/\/universalyaldiz.com\/index.php\/wp-json\/wp\/v2\/users\/1"}],"replies":[{"embeddable":true,"href":"http:\/\/universalyaldiz.com\/index.php\/wp-json\/wp\/v2\/comments?post=160"}],"version-history":[{"count":7,"href":"http:\/\/universalyaldiz.com\/index.php\/wp-json\/wp\/v2\/pages\/160\/revisions"}],"predecessor-version":[{"id":360,"href":"http:\/\/universalyaldiz.com\/index.php\/wp-json\/wp\/v2\/pages\/160\/revisions\/360"}],"wp:attachment":[{"href":"http:\/\/universalyaldiz.com\/index.php\/wp-json\/wp\/v2\/media?parent=160"}],"curies":[{"name":"wp","href":"https:\/\/api.w.org\/{rel}","templated":true}]}}