{"id":158,"date":"2017-01-24T16:09:23","date_gmt":"2017-01-24T14:09:23","guid":{"rendered":"http:\/\/universalyaldiz.com\/?page_id=158"},"modified":"2017-11-08T13:59:46","modified_gmt":"2017-11-08T11:59:46","slug":"kozmetik","status":"publish","type":"page","link":"http:\/\/universalyaldiz.com\/index.php\/kozmetik\/","title":{"rendered":"Kozmetik"},"content":{"rendered":"<p><strong><u>Ba\u015fl\u0131ca \u00f6zellikleri;<\/u><\/strong><\/p>\n<ul>\n<li>Y\u00fcksek fiziksel ve kimyasal diren\u00e7<\/li>\n<li>Iyi \u0131s\u0131 dayan\u0131kl\u0131l\u0131\u011f\u0131<\/li>\n<\/ul>\n<p><strong><u>Uygulama Alanlar\u0131;<\/u><\/strong><\/p>\n<ul>\n<li>Rumeller, Fond\u00f6ten kutular\u0131 vb. Makyaj malzemeleri ambalajlar\u0131nda.<\/li>\n<li>Vurgu \u00e7izgileri,<\/li>\n<li>Amblemler,<\/li>\n<li>Uygun Plastik PS, ABS, SAN, PVC<\/li>\n<\/ul>\n<p><strong><u>Damgalama S\u0131cakl\u0131\u011f\u0131;<\/u><\/strong><\/p>\n<ul>\n<li>160 &#8211; 180 \u00b0 C (320 &#8211; 356 \u00b0 F) rulo h\u0131z\u0131na ba\u011fl\u0131<\/li>\n<\/ul>\n<p><img decoding=\"async\" loading=\"lazy\" class=\" wp-image-350 mobilresim\" src=\"http:\/\/universalyaldiz.com\/wp-content\/uploads\/2017\/01\/12-7-.png\" alt=\"\" width=\"372\" height=\"263\" srcset=\"http:\/\/universalyaldiz.com\/wp-content\/uploads\/2017\/01\/12-7-.png 842w, http:\/\/universalyaldiz.com\/wp-content\/uploads\/2017\/01\/12-7--300x212.png 300w, http:\/\/universalyaldiz.com\/wp-content\/uploads\/2017\/01\/12-7--768x543.png 768w, http:\/\/universalyaldiz.com\/wp-content\/uploads\/2017\/01\/12-7--100x70.png 100w, http:\/\/universalyaldiz.com\/wp-content\/uploads\/2017\/01\/12-7--575x406.png 575w, http:\/\/universalyaldiz.com\/wp-content\/uploads\/2017\/01\/12-7--265x187.png 265w, http:\/\/universalyaldiz.com\/wp-content\/uploads\/2017\/01\/12-7--295x208.png 295w\" sizes=\"(max-width: 372px) 100vw, 372px\" \/><img decoding=\"async\" loading=\"lazy\" class=\"alignnone wp-image-351 mobilresim\" src=\"http:\/\/universalyaldiz.com\/wp-content\/uploads\/2017\/01\/12-8-.png\" alt=\"\" width=\"371\" height=\"262\" srcset=\"http:\/\/universalyaldiz.com\/wp-content\/uploads\/2017\/01\/12-8-.png 842w, http:\/\/universalyaldiz.com\/wp-content\/uploads\/2017\/01\/12-8--300x212.png 300w, http:\/\/universalyaldiz.com\/wp-content\/uploads\/2017\/01\/12-8--768x543.png 768w, http:\/\/universalyaldiz.com\/wp-content\/uploads\/2017\/01\/12-8--100x70.png 100w, http:\/\/universalyaldiz.com\/wp-content\/uploads\/2017\/01\/12-8--575x406.png 575w, http:\/\/universalyaldiz.com\/wp-content\/uploads\/2017\/01\/12-8--265x187.png 265w, http:\/\/universalyaldiz.com\/wp-content\/uploads\/2017\/01\/12-8--295x208.png 295w\" sizes=\"(max-width: 371px) 100vw, 371px\" \/><\/p>\n<p><img decoding=\"async\" loading=\"lazy\" class=\"alignnone wp-image-313 mobilresim\" src=\"http:\/\/universalyaldiz.com\/wp-content\/uploads\/2016\/12\/UNI-11-1024x564.png\" alt=\"\" width=\"753\" height=\"415\" srcset=\"http:\/\/universalyaldiz.com\/wp-content\/uploads\/2016\/12\/UNI-11-1024x564.png 1024w, http:\/\/universalyaldiz.com\/wp-content\/uploads\/2016\/12\/UNI-11-300x165.png 300w, http:\/\/universalyaldiz.com\/wp-content\/uploads\/2016\/12\/UNI-11-768x423.png 768w, http:\/\/universalyaldiz.com\/wp-content\/uploads\/2016\/12\/UNI-11-575x316.png 575w, http:\/\/universalyaldiz.com\/wp-content\/uploads\/2016\/12\/UNI-11-265x146.png 265w, http:\/\/universalyaldiz.com\/wp-content\/uploads\/2016\/12\/UNI-11-295x162.png 295w, http:\/\/universalyaldiz.com\/wp-content\/uploads\/2016\/12\/UNI-11.png 1181w\" sizes=\"(max-width: 753px) 100vw, 753px\" \/><\/p>\n","protected":false},"excerpt":{"rendered":"Ba\u015fl\u0131ca \u00f6zellikleri; Y\u00fcksek fiziksel ve kimyasal diren\u00e7 Iyi \u0131s\u0131 dayan\u0131kl\u0131l\u0131\u011f\u0131 Uygulama Alanlar\u0131; Rumeller, Fond\u00f6ten kutular\u0131 vb. Makyaj malzemeleri ambalajlar\u0131nda. Vurgu \u00e7izgileri, Amblemler, Uygun Plastik PS, ABS, SAN, PVC Damgalama S\u0131cakl\u0131\u011f\u0131; 160 &#8211; 180 \u00b0 C (320 &#8211; 356 \u00b0 F) rulo h\u0131z\u0131na ba\u011fl\u0131","protected":false},"author":1,"featured_media":0,"parent":0,"menu_order":0,"comment_status":"closed","ping_status":"closed","template":"page2.php","meta":[],"_links":{"self":[{"href":"http:\/\/universalyaldiz.com\/index.php\/wp-json\/wp\/v2\/pages\/158"}],"collection":[{"href":"http:\/\/universalyaldiz.com\/index.php\/wp-json\/wp\/v2\/pages"}],"about":[{"href":"http:\/\/universalyaldiz.com\/index.php\/wp-json\/wp\/v2\/types\/page"}],"author":[{"embeddable":true,"href":"http:\/\/universalyaldiz.com\/index.php\/wp-json\/wp\/v2\/users\/1"}],"replies":[{"embeddable":true,"href":"http:\/\/universalyaldiz.com\/index.php\/wp-json\/wp\/v2\/comments?post=158"}],"version-history":[{"count":7,"href":"http:\/\/universalyaldiz.com\/index.php\/wp-json\/wp\/v2\/pages\/158\/revisions"}],"predecessor-version":[{"id":362,"href":"http:\/\/universalyaldiz.com\/index.php\/wp-json\/wp\/v2\/pages\/158\/revisions\/362"}],"wp:attachment":[{"href":"http:\/\/universalyaldiz.com\/index.php\/wp-json\/wp\/v2\/media?parent=158"}],"curies":[{"name":"wp","href":"https:\/\/api.w.org\/{rel}","templated":true}]}}