{"id":156,"date":"2017-01-24T16:09:04","date_gmt":"2017-01-24T14:09:04","guid":{"rendered":"http:\/\/universalyaldiz.com\/?page_id=156"},"modified":"2017-11-08T13:57:51","modified_gmt":"2017-11-08T11:57:51","slug":"tekstil","status":"publish","type":"page","link":"http:\/\/universalyaldiz.com\/index.php\/tekstil\/","title":{"rendered":"Tekstil"},"content":{"rendered":"<p>Varak transfer bask\u0131n\u0131n vazge\u00e7ilmez ekipman\u0131, desenli tutkal olu\u015fturmak i\u00e7in, serigrafi kal\u0131b\u0131 (par\u00e7a bask\u0131) ya da rotasyon bask\u0131 kal\u0131b\u0131d\u0131r (metraj bask\u0131). Par\u00e7a bask\u0131 i\u00e7in; numune bask\u0131 masas\u0131 ya da ahtapot bask\u0131 makinesi, fiksse f\u0131r\u0131n\u0131, el presi ya da konvey\u00f6r tela presidir. Metraj bask\u0131da ise; tutkal i\u00e7in tek kafa rotasyon makinesi yeterlidir. Vara\u011f\u0131n transferi i\u00e7in uygun bir kalender (silindir press) gerekir. Son zamanlarda yayg\u0131n bir \u015fekilde kullan\u0131lan smog bask\u0131 makinesi (tutkal\u0131 varak \u00fczerine verip, kurutma akabinde kuma\u015fa transferini ger\u00e7ekle\u015ftiren bask\u0131 makinesi) de metraj bask\u0131da kullan\u0131lmaktad\u0131r.<\/p>\n<p><strong>YARDIMCI MALZEMELER<\/strong><\/p>\n<p>Varak bask\u0131n\u0131n uygulanmas\u0131 ve bir materyale uygulanmas\u0131 i\u00e7in, varak tutkal\u0131 gereklidir. Su bazl\u0131 ve plastik bazl\u0131 tutkal klasik y\u00f6ntemlerde (serigrafi ve rotasyon bask\u0131), solvent bazl\u0131 tutkal ise smog bask\u0131da kullan\u0131lmaktad\u0131r. Tutkal etkisi de olu\u015fturan lazer ka\u011f\u0131d\u0131 da, genellikle deri \u00fczerine uygulanan, ancak her t\u00fcrl\u00fc tekstil \u00fczerine de sorunsuz uygulanmas\u0131yla iyi bir alternatiftir.<\/p>\n<p>&nbsp;<\/p>\n<p><img decoding=\"async\" loading=\"lazy\" class=\"alignnone  wp-image-358 mobilresim\" src=\"http:\/\/universalyaldiz.com\/wp-content\/uploads\/2017\/01\/12-5--1024x724.png\" alt=\"\" width=\"350\" height=\"247\" srcset=\"http:\/\/universalyaldiz.com\/wp-content\/uploads\/2017\/01\/12-5--1024x724.png 1024w, http:\/\/universalyaldiz.com\/wp-content\/uploads\/2017\/01\/12-5--300x212.png 300w, http:\/\/universalyaldiz.com\/wp-content\/uploads\/2017\/01\/12-5--768x543.png 768w, http:\/\/universalyaldiz.com\/wp-content\/uploads\/2017\/01\/12-5--100x70.png 100w, http:\/\/universalyaldiz.com\/wp-content\/uploads\/2017\/01\/12-5--575x407.png 575w, http:\/\/universalyaldiz.com\/wp-content\/uploads\/2017\/01\/12-5--265x187.png 265w, http:\/\/universalyaldiz.com\/wp-content\/uploads\/2017\/01\/12-5--295x209.png 295w, http:\/\/universalyaldiz.com\/wp-content\/uploads\/2017\/01\/12-5-.png 1169w\" sizes=\"(max-width: 350px) 100vw, 350px\" \/><img decoding=\"async\" loading=\"lazy\" class=\" wp-image-357 mobilresim\" src=\"http:\/\/universalyaldiz.com\/wp-content\/uploads\/2017\/01\/12-4--1024x724.png\" alt=\"\" width=\"355\" height=\"250\" srcset=\"http:\/\/universalyaldiz.com\/wp-content\/uploads\/2017\/01\/12-4--1024x724.png 1024w, http:\/\/universalyaldiz.com\/wp-content\/uploads\/2017\/01\/12-4--300x212.png 300w, http:\/\/universalyaldiz.com\/wp-content\/uploads\/2017\/01\/12-4--768x543.png 768w, http:\/\/universalyaldiz.com\/wp-content\/uploads\/2017\/01\/12-4--100x70.png 100w, http:\/\/universalyaldiz.com\/wp-content\/uploads\/2017\/01\/12-4--575x407.png 575w, http:\/\/universalyaldiz.com\/wp-content\/uploads\/2017\/01\/12-4--265x187.png 265w, http:\/\/universalyaldiz.com\/wp-content\/uploads\/2017\/01\/12-4--295x209.png 295w, http:\/\/universalyaldiz.com\/wp-content\/uploads\/2017\/01\/12-4-.png 1169w\" sizes=\"(max-width: 355px) 100vw, 355px\" \/><\/p>\n<p><img decoding=\"async\" loading=\"lazy\" class=\"alignnone wp-image-83 mobilresim\" src=\"http:\/\/universalyaldiz.com\/wp-content\/uploads\/2016\/12\/wKiAiVRquBTB8EDPAAEQJSiDeHA757.jpg\" alt=\"\" width=\"432\" height=\"289\" srcset=\"http:\/\/universalyaldiz.com\/wp-content\/uploads\/2016\/12\/wKiAiVRquBTB8EDPAAEQJSiDeHA757.jpg 299w, http:\/\/universalyaldiz.com\/wp-content\/uploads\/2016\/12\/wKiAiVRquBTB8EDPAAEQJSiDeHA757-265x177.jpg 265w, http:\/\/universalyaldiz.com\/wp-content\/uploads\/2016\/12\/wKiAiVRquBTB8EDPAAEQJSiDeHA757-295x197.jpg 295w\" sizes=\"(max-width: 432px) 100vw, 432px\" \/><\/p>\n","protected":false},"excerpt":{"rendered":"Varak transfer bask\u0131n\u0131n vazge\u00e7ilmez ekipman\u0131, desenli tutkal olu\u015fturmak i\u00e7in, serigrafi kal\u0131b\u0131 (par\u00e7a bask\u0131) ya da rotasyon bask\u0131 kal\u0131b\u0131d\u0131r (metraj bask\u0131). Par\u00e7a bask\u0131 i\u00e7in; numune bask\u0131 masas\u0131 ya da ahtapot bask\u0131 makinesi, fiksse f\u0131r\u0131n\u0131, el presi ya da konvey\u00f6r tela presidir. Metraj bask\u0131da ise; tutkal i\u00e7in tek kafa rotasyon makinesi yeterlidir. Vara\u011f\u0131n transferi i\u00e7in uygun bir&#8230;","protected":false},"author":1,"featured_media":0,"parent":0,"menu_order":0,"comment_status":"closed","ping_status":"closed","template":"page2.php","meta":[],"_links":{"self":[{"href":"http:\/\/universalyaldiz.com\/index.php\/wp-json\/wp\/v2\/pages\/156"}],"collection":[{"href":"http:\/\/universalyaldiz.com\/index.php\/wp-json\/wp\/v2\/pages"}],"about":[{"href":"http:\/\/universalyaldiz.com\/index.php\/wp-json\/wp\/v2\/types\/page"}],"author":[{"embeddable":true,"href":"http:\/\/universalyaldiz.com\/index.php\/wp-json\/wp\/v2\/users\/1"}],"replies":[{"embeddable":true,"href":"http:\/\/universalyaldiz.com\/index.php\/wp-json\/wp\/v2\/comments?post=156"}],"version-history":[{"count":7,"href":"http:\/\/universalyaldiz.com\/index.php\/wp-json\/wp\/v2\/pages\/156\/revisions"}],"predecessor-version":[{"id":359,"href":"http:\/\/universalyaldiz.com\/index.php\/wp-json\/wp\/v2\/pages\/156\/revisions\/359"}],"wp:attachment":[{"href":"http:\/\/universalyaldiz.com\/index.php\/wp-json\/wp\/v2\/media?parent=156"}],"curies":[{"name":"wp","href":"https:\/\/api.w.org\/{rel}","templated":true}]}}