{"id":118,"date":"2017-01-24T13:57:59","date_gmt":"2017-01-24T11:57:59","guid":{"rendered":"http:\/\/universalyaldiz.com\/?page_id=118"},"modified":"2017-01-24T23:40:32","modified_gmt":"2017-01-24T21:40:32","slug":"iletisim-3","status":"publish","type":"page","link":"http:\/\/universalyaldiz.com\/index.php\/iletisim-3\/","title":{"rendered":"\u0130LET\u0130\u015e\u0130M"},"content":{"rendered":"<p><strong>UN\u0130VERSAL YALDIZ PAZ.SAN.VE T\u0130C.LTD.\u015eT\u0130.<\/strong><\/p>\n<p>Adres : \u0130kitelli O.S.B. Aykosan Sanayi Sitesi 4 L\u00fc B\/Blok No:165 Ba\u015fak\u015fehir \/ \u0130stnabul \/ T\u00fcrkiye<\/p>\n<p>Tel\u00a0\u00a0\u00a0\u00a0\u00a0 :+90 212 601 08 21<\/p>\n<p>Fax\u00a0\u00a0\u00a0\u00a0 :+90 212 671 06 00<\/p>\n<p>E-Mail : info@universalyaldiz.com<\/p>\n","protected":false},"excerpt":{"rendered":"UN\u0130VERSAL YALDIZ PAZ.SAN.VE T\u0130C.LTD.\u015eT\u0130. Adres : \u0130kitelli O.S.B. Aykosan Sanayi Sitesi 4 L\u00fc B\/Blok No:165 Ba\u015fak\u015fehir \/ \u0130stnabul \/ T\u00fcrkiye Tel\u00a0\u00a0\u00a0\u00a0\u00a0 :+90 212 601 08 21 Fax\u00a0\u00a0\u00a0\u00a0 :+90 212 671 06 00 E-Mail : info@universalyaldiz.com","protected":false},"author":1,"featured_media":0,"parent":0,"menu_order":0,"comment_status":"closed","ping_status":"closed","template":"page2.php","meta":[],"_links":{"self":[{"href":"http:\/\/universalyaldiz.com\/index.php\/wp-json\/wp\/v2\/pages\/118"}],"collection":[{"href":"http:\/\/universalyaldiz.com\/index.php\/wp-json\/wp\/v2\/pages"}],"about":[{"href":"http:\/\/universalyaldiz.com\/index.php\/wp-json\/wp\/v2\/types\/page"}],"author":[{"embeddable":true,"href":"http:\/\/universalyaldiz.com\/index.php\/wp-json\/wp\/v2\/users\/1"}],"replies":[{"embeddable":true,"href":"http:\/\/universalyaldiz.com\/index.php\/wp-json\/wp\/v2\/comments?post=118"}],"version-history":[{"count":4,"href":"http:\/\/universalyaldiz.com\/index.php\/wp-json\/wp\/v2\/pages\/118\/revisions"}],"predecessor-version":[{"id":237,"href":"http:\/\/universalyaldiz.com\/index.php\/wp-json\/wp\/v2\/pages\/118\/revisions\/237"}],"wp:attachment":[{"href":"http:\/\/universalyaldiz.com\/index.php\/wp-json\/wp\/v2\/media?parent=118"}],"curies":[{"name":"wp","href":"https:\/\/api.w.org\/{rel}","templated":true}]}}